{"id":232,"date":"2022-11-24T15:49:19","date_gmt":"2022-11-24T13:49:19","guid":{"rendered":"https:\/\/hatanpaankartano.net\/homepage\/"},"modified":"2024-03-13T12:25:44","modified_gmt":"2024-03-13T10:25:44","slug":"homepage","status":"publish","type":"page","link":"https:\/\/hatanpaankartano.net\/en\/","title":{"rendered":"Homepage"},"content":{"rendered":"<div class=\"wpb-content-wrapper\"><p>[vc_row padding_top_multiplier=&#8221;6x&#8221; padding_bottom_multiplier=&#8221;6x&#8221; rc_heading_color=&#8221;white&#8221; rc_bg_type=&#8221;image&#8221; rc_bg_image=&#8221;29&#8243; rc_bg_image_size=&#8221;responsive&#8221; rc_font_color=&#8221;#ffffff&#8221;][vc_column]<div class=\"grve-empty-space grve-height-5x\"><\/div><div class=\"grve-element grve-image grve-align-center\">\r\n\t<div class=\"grve-image-item\">\r\n\t\t\r\n\r\n<div class=\"grve-image-wrapper grve-no-effect\">\r\n\t\t<div class=\"grve-thumbnail-wrapper\"  style=\"width: 275px;\"><div class=\"grve-thumbnail\"  style=\"padding-top: 112.727%;\"><img loading=\"lazy\" decoding=\"async\" width=\"275\" height=\"310\" src=\"https:\/\/hatanpaankartano.net\/wp-content\/uploads\/2022\/11\/header_logo_big.png\" class=\"attachment-impeka-grve-small-square size-impeka-grve-small-square\" alt=\"\" data-column-space=\"auto\" data-lazyload=\"\" data-grve-filter=\"yes\" srcset=\"https:\/\/hatanpaankartano.net\/wp-content\/uploads\/2022\/11\/header_logo_big.png 275w, https:\/\/hatanpaankartano.net\/wp-content\/uploads\/2022\/11\/header_logo_big-266x300.png 266w\" sizes=\"auto, (max-width: 275px) 100vw, 275px\" \/><\/div><\/div>\t<\/div>\r\n\t<\/div>\r\n<\/div>\r\n<div class=\"grve-empty-space grve-height-2x\"><\/div>[vc_column_text text_style=&#8221;leader-text&#8221;]<\/p>\n<p style=\"text-align: center;\">Great experiences and golden memories.<\/p>\n<p>[\/vc_column_text][\/vc_column][\/vc_row][vc_row][vc_column]<div class=\"grve-empty-space grve-height-1x\"><\/div>[\/vc_column][\/vc_row][vc_row][vc_column width=&#8221;1\/2&#8243;]<div class=\"grve-empty-space grve-height-4x\"><\/div><div class=\"grve-element grve-image grve-align-center\">\r\n\t<div class=\"grve-image-item\">\r\n\t\t\r\n\r\n<div class=\"grve-image-wrapper grve-no-effect\">\r\n\t\t<div class=\"grve-thumbnail-wrapper\"  style=\"width: 615px;\"><div class=\"grve-thumbnail\"  style=\"padding-top: 66.829%;\"><img loading=\"lazy\" decoding=\"async\" width=\"615\" height=\"411\" src=\"https:\/\/hatanpaankartano.net\/wp-content\/uploads\/2022\/11\/etusivu_kuva2.jpeg\" class=\"attachment-full size-full\" alt=\"\" data-column-space=\"auto\" data-lazyload=\"\" data-grve-filter=\"yes\" srcset=\"https:\/\/hatanpaankartano.net\/wp-content\/uploads\/2022\/11\/etusivu_kuva2.jpeg 615w, https:\/\/hatanpaankartano.net\/wp-content\/uploads\/2022\/11\/etusivu_kuva2-300x200.jpeg 300w\" sizes=\"auto, (max-width: 615px) 100vw, 615px\" \/><\/div><\/div>\t<\/div>\r\n\t<\/div>\r\n<\/div>\r\n<div class=\"grve-empty-space grve-height-2x\"><\/div><div class=\"grve-element grve-video\"><iframe loading=\"lazy\" title=\"Hatanp\u00e4\u00e4n Kartano\" width=\"1080\" height=\"608\" src=\"https:\/\/www.youtube.com\/embed\/5WiGu3-KOd8?feature=oembed\" frameborder=\"0\" allow=\"accelerometer; autoplay; clipboard-write; encrypted-media; gyroscope; picture-in-picture; web-share\" allowfullscreen><\/iframe><\/div>[\/vc_column][vc_column width=&#8221;1\/2&#8243;][vc_column_text]<\/p>\n<h2>THE ROAD TO THE FUTURE STARTS FROM THE PATH OF TRADITIONS.<\/h2>\n<p>The Hatanp\u00e4\u00e4 mansion is located on the shore of Lake Pyh\u00e4j\u00e4rvi, a couple of kilometers from the center of Tampere. There are 20 parking spaces in the area. The mansion is surrounded by a wonderful English-style park with rose gardens. The building itself is now ready to serve meeting groups as well as private events of various sizes. Here, through the centuries, big decisions have been made and ideas have been allowed to fly in high cabinets. Come and build a rosier future at Hatanp\u00e4\u00e4 mansion.[\/vc_column_text]<div class=\"grve-empty-space grve-height-1x\"><\/div><div class=\"grve-element grve-align-inherit\"><a href=\"https:\/\/hatanpaankartano.net\/en\/mansion\/\" title=\"Mansion\" class=\"grve-btn grve-square grve-bg-primary-1 grve-border-primary-1 grve-bg-hover-primary-2 grve-border-hover-primary-2 grve-text-white grve-text-hover-white grve-btn-medium\">\r\n\t\t<span>GET TO KNOW THE MANSION<\/span>\r\n\t\t<span class=\"screen-reader-text\">Get to know the mansion<\/span>\r\n\t\t\t\t\t\t\t<\/a><\/div><div class=\"grve-empty-space grve-height-3x\"><\/div><div class=\"grve-element grve-image grve-align-center\">\r\n\t<div class=\"grve-image-item\">\r\n\t\t\r\n\r\n<div class=\"grve-image-wrapper grve-no-effect\">\r\n\t\t<div class=\"grve-thumbnail-wrapper\"  style=\"width: 595px;\"><div class=\"grve-thumbnail\"  style=\"padding-top: 141.513%;\"><img loading=\"lazy\" decoding=\"async\" width=\"595\" height=\"842\" src=\"https:\/\/hatanpaankartano.net\/wp-content\/uploads\/2023\/04\/Kartano_onepager_ENG61c5.jpg\" class=\"attachment-full size-full\" alt=\"Kartano mansion onepager\" data-column-space=\"auto\" data-lazyload=\"\" data-grve-filter=\"yes\" srcset=\"https:\/\/hatanpaankartano.net\/wp-content\/uploads\/2023\/04\/Kartano_onepager_ENG61c5.jpg 595w, https:\/\/hatanpaankartano.net\/wp-content\/uploads\/2023\/04\/Kartano_onepager_ENG61c5-212x300.jpg 212w\" sizes=\"auto, (max-width: 595px) 100vw, 595px\" \/><\/div><\/div>\t<\/div>\r\n\t<\/div>\r\n<\/div>\r\n<div class=\"grve-empty-space grve-height-1x\"><\/div><div class=\"grve-element grve-align-inherit\"><a href=\"https:\/\/hatanpaankartano.net\/wp-content\/uploads\/2023\/04\/Kartano_onepager_ENG.pdf\" title=\"Mansion\" target=\"_blank\" class=\"grve-btn grve-square grve-bg-primary-1 grve-border-primary-1 grve-bg-hover-primary-2 grve-border-hover-primary-2 grve-text-white grve-text-hover-white grve-btn-medium\">\r\n\t\t<span>DOWNLOAD THE HATANP\u00c4\u00c4 MANSION BROCHURE HERE<\/span>\r\n\t\t<span class=\"screen-reader-text\">Download the Hatanp\u00e4\u00e4 Mansion brochure here<\/span>\r\n\t\t\t\t\t\t\t<\/a><\/div>[\/vc_column][\/vc_row][vc_row][vc_column]<div class=\"grve-empty-space grve-height-3x\"><\/div>[\/vc_column][\/vc_row][vc_row section_type=&#8221;fullwidth&#8221;][vc_column]\n\t\t\t<!-- START Slider 1 1 REVOLUTION SLIDER 6.7.35 --><p class=\"rs-p-wp-fix\"><\/p>\n\t\t\t<rs-module-wrap id=\"rev_slider_2_1_wrapper\" data-source=\"gallery\" style=\"visibility:hidden;background:transparent;padding:0;margin:0px auto;margin-top:0;margin-bottom:0;\">\n\t\t\t\t<rs-module id=\"rev_slider_2_1\" style=\"\" data-version=\"6.7.35\">\n\t\t\t\t\t<rs-slides style=\"overflow: hidden; position: absolute;\">\n\t\t\t\t\t\t<rs-slide style=\"position: absolute;\" data-key=\"rs-3\" data-title=\"Slide\" data-anim=\"ms:2000ms;\" data-in=\"o:0;row:400;\" data-out=\"a:false;\">\n\t\t\t\t\t\t\t<img decoding=\"async\" src=\"\/\/hatanpaankartano.net\/wp-content\/plugins\/revslider\/sr6\/assets\/assets\/dummy.png\" alt=\"Slide\" title=\"Homepage\" class=\"rev-slidebg tp-rs-img rs-lazyload\" data-lazyload=\"\/\/hatanpaankartano.net\/wp-content\/plugins\/revslider\/sr6\/assets\/assets\/transparent.png\" data-no-retina>\n<!--\n\t\t\t\t\t\t\t--><rs-layer\n\t\t\t\t\t\t\t\tid=\"slider-2-slide-3-layer-0\" \n\t\t\t\t\t\t\t\tdata-type=\"image\"\n\t\t\t\t\t\t\t\tdata-rsp_ch=\"on\"\n\t\t\t\t\t\t\t\tdata-xy=\"x:c;y:c;\"\n\t\t\t\t\t\t\t\tdata-text=\"w:normal;\"\n\t\t\t\t\t\t\t\tdata-dim=\"w:1900px;h:899px;\"\n\t\t\t\t\t\t\t\tdata-frame_999=\"o:0;st:w;\"\n\t\t\t\t\t\t\t\tstyle=\"z-index:5;\"\n\t\t\t\t\t\t\t><img decoding=\"async\" src=\"\/\/hatanpaankartano.net\/wp-content\/plugins\/revslider\/sr6\/assets\/assets\/dummy.png\" alt=\"\" class=\"tp-rs-img rs-lazyload\" width=\"1900\" height=\"899\" data-lazyload=\"\/\/hatanpaankartano-net.hel8.wp-cloud.dev\/wp-content\/uploads\/2022\/11\/kokoukset.jpeg\" data-no-retina> \n\t\t\t\t\t\t\t<\/rs-layer><!--\n\n\t\t\t\t\t\t\t--><rs-layer\n\t\t\t\t\t\t\t\tid=\"slider-2-slide-3-layer-1\" \n\t\t\t\t\t\t\t\tdata-type=\"text\"\n\t\t\t\t\t\t\t\tdata-color=\"#ffffff\"\n\t\t\t\t\t\t\t\tdata-rsp_ch=\"on\"\n\t\t\t\t\t\t\t\tdata-xy=\"x:c;y:398px;\"\n\t\t\t\t\t\t\t\tdata-text=\"w:normal;s:35;\"\n\t\t\t\t\t\t\t\tdata-frame_999=\"o:0;st:w;\"\n\t\t\t\t\t\t\t\tstyle=\"z-index:6;font-family:'Oswald';\"\n\t\t\t\t\t\t\t><br \/>\nMEETING AT THE MANSION \n\t\t\t\t\t\t\t<\/rs-layer><!--\n\n\t\t\t\t\t\t\t--><rs-layer\n\t\t\t\t\t\t\t\tid=\"slider-2-slide-3-layer-2\" \n\t\t\t\t\t\t\t\tdata-type=\"text\"\n\t\t\t\t\t\t\t\tdata-color=\"#ffffff\"\n\t\t\t\t\t\t\t\tdata-rsp_ch=\"on\"\n\t\t\t\t\t\t\t\tdata-xy=\"x:c;y:487px;\"\n\t\t\t\t\t\t\t\tdata-text=\"w:normal;a:center;\"\n\t\t\t\t\t\t\t\tdata-frame_999=\"o:0;st:w;\"\n\t\t\t\t\t\t\t\tstyle=\"z-index:7;font-family:'Lora';\"\n\t\t\t\t\t\t\t>Plan your meeting yourself or use the know-how of Juvenes professionals to make it efficient and <br \/> inspiring meeting. \n\t\t\t\t\t\t\t<\/rs-layer><!--\n\n\t\t\t\t\t\t\t--><a\n\t\t\t\t\t\t\t\tid=\"slider-2-slide-3-layer-3\" \n\t\t\t\t\t\t\t\tclass=\"rs-layer rev-btn\"\n\t\t\t\t\t\t\t\thref=\"https:\/\/hatanpaankartano.net\/en\/meetings\/\" target=\"_self\"\n\t\t\t\t\t\t\t\tdata-type=\"button\"\n\t\t\t\t\t\t\t\tdata-color=\"#ffffff\"\n\t\t\t\t\t\t\t\tdata-rsp_ch=\"on\"\n\t\t\t\t\t\t\t\tdata-xy=\"x:c;y:582px;\"\n\t\t\t\t\t\t\t\tdata-text=\"w:normal;s:20;l:50;fw:500;\"\n\t\t\t\t\t\t\t\tdata-dim=\"minh:0px;\"\n\t\t\t\t\t\t\t\tdata-padding=\"r:20;l:20;\"\n\t\t\t\t\t\t\t\tdata-frame_999=\"o:0;st:w;\"\n\t\t\t\t\t\t\t\tdata-frame_hover=\"c:#000;bgc:#fff;bor:0px,0px,0px,0px;sp:200;e:power1.inOut;\"\n\t\t\t\t\t\t\t\tstyle=\"z-index:8;background-color:rgba(201,142,74,0.63);font-family:'Oswald';\"\n\t\t\t\t\t\t\t>READ MORE \n\t\t\t\t\t\t\t<\/a><!--\n\n\t\t\t\t\t\t\t--><rs-layer\n\t\t\t\t\t\t\t\tid=\"slider-2-slide-3-layer-4\" \n\t\t\t\t\t\t\t\tdata-type=\"image\"\n\t\t\t\t\t\t\t\tdata-rsp_ch=\"on\"\n\t\t\t\t\t\t\t\tdata-xy=\"x:c;y:331px;\"\n\t\t\t\t\t\t\t\tdata-text=\"w:normal;\"\n\t\t\t\t\t\t\t\tdata-dim=\"w:34px;h:34px;\"\n\t\t\t\t\t\t\t\tdata-frame_999=\"o:0;st:w;\"\n\t\t\t\t\t\t\t\tstyle=\"z-index:9;\"\n\t\t\t\t\t\t\t><img decoding=\"async\" src=\"\/\/hatanpaankartano.net\/wp-content\/plugins\/revslider\/sr6\/assets\/assets\/dummy.png\" alt=\"\" class=\"tp-rs-img rs-lazyload\" width=\"34\" height=\"34\" data-lazyload=\"\/\/hatanpaankartano-net.hel8.wp-cloud.dev\/wp-content\/uploads\/2022\/11\/logo_small.png\" data-no-retina> \n\t\t\t\t\t\t\t<\/rs-layer><!--\n-->\t\t\t\t\t<\/rs-slide>\n\t\t\t\t\t\t<rs-slide style=\"position: absolute;\" data-key=\"rs-4\" data-title=\"Slide\" data-anim=\"ms:2000ms;\" data-in=\"o:0;x:100%;\" data-out=\"a:false;\">\n\t\t\t\t\t\t\t<img decoding=\"async\" src=\"\/\/hatanpaankartano.net\/wp-content\/plugins\/revslider\/sr6\/assets\/assets\/dummy.png\" alt=\"Slide\" title=\"Homepage\" class=\"rev-slidebg tp-rs-img rs-lazyload\" data-lazyload=\"\/\/hatanpaankartano.net\/wp-content\/plugins\/revslider\/sr6\/assets\/assets\/transparent.png\" data-no-retina>\n<!--\n\t\t\t\t\t\t\t--><rs-layer\n\t\t\t\t\t\t\t\tid=\"slider-2-slide-4-layer-5\" \n\t\t\t\t\t\t\t\tdata-type=\"image\"\n\t\t\t\t\t\t\t\tdata-rsp_ch=\"on\"\n\t\t\t\t\t\t\t\tdata-xy=\"x:c;y:c;\"\n\t\t\t\t\t\t\t\tdata-text=\"w:normal;\"\n\t\t\t\t\t\t\t\tdata-dim=\"w:1900px;h:950px;\"\n\t\t\t\t\t\t\t\tdata-frame_999=\"o:0;st:w;\"\n\t\t\t\t\t\t\t\tstyle=\"z-index:5;\"\n\t\t\t\t\t\t\t><img decoding=\"async\" src=\"\/\/hatanpaankartano.net\/wp-content\/plugins\/revslider\/sr6\/assets\/assets\/dummy.png\" alt=\"\" class=\"tp-rs-img rs-lazyload\" width=\"1900\" height=\"950\" data-lazyload=\"\/\/hatanpaankartano-net.hel8.wp-cloud.dev\/wp-content\/uploads\/2022\/11\/etusivu_haat2.jpeg\" data-no-retina> \n\t\t\t\t\t\t\t<\/rs-layer><!--\n\n\t\t\t\t\t\t\t--><rs-layer\n\t\t\t\t\t\t\t\tid=\"slider-2-slide-4-layer-6\" \n\t\t\t\t\t\t\t\tdata-type=\"image\"\n\t\t\t\t\t\t\t\tdata-rsp_ch=\"on\"\n\t\t\t\t\t\t\t\tdata-xy=\"x:c;y:331px;\"\n\t\t\t\t\t\t\t\tdata-text=\"w:normal;\"\n\t\t\t\t\t\t\t\tdata-dim=\"w:34px;h:34px;\"\n\t\t\t\t\t\t\t\tdata-frame_999=\"o:0;st:w;\"\n\t\t\t\t\t\t\t\tstyle=\"z-index:6;\"\n\t\t\t\t\t\t\t><img decoding=\"async\" src=\"\/\/hatanpaankartano.net\/wp-content\/plugins\/revslider\/sr6\/assets\/assets\/dummy.png\" alt=\"\" class=\"tp-rs-img rs-lazyload\" width=\"34\" height=\"34\" data-lazyload=\"\/\/hatanpaankartano-net.hel8.wp-cloud.dev\/wp-content\/uploads\/2022\/11\/logo_small.png\" data-no-retina> \n\t\t\t\t\t\t\t<\/rs-layer><!--\n\n\t\t\t\t\t\t\t--><rs-layer\n\t\t\t\t\t\t\t\tid=\"slider-2-slide-4-layer-7\" \n\t\t\t\t\t\t\t\tdata-type=\"text\"\n\t\t\t\t\t\t\t\tdata-color=\"#ffffff\"\n\t\t\t\t\t\t\t\tdata-rsp_ch=\"on\"\n\t\t\t\t\t\t\t\tdata-xy=\"x:c;y:398px;\"\n\t\t\t\t\t\t\t\tdata-text=\"w:normal;s:35;\"\n\t\t\t\t\t\t\t\tdata-frame_999=\"o:0;st:w;\"\n\t\t\t\t\t\t\t\tstyle=\"z-index:7;font-family:'Oswald';\"\n\t\t\t\t\t\t\t>WEDDING AT THE MANSION \n\t\t\t\t\t\t\t<\/rs-layer><!--\n\n\t\t\t\t\t\t\t--><rs-layer\n\t\t\t\t\t\t\t\tid=\"slider-2-slide-4-layer-8\" \n\t\t\t\t\t\t\t\tdata-type=\"text\"\n\t\t\t\t\t\t\t\tdata-color=\"#ffffff\"\n\t\t\t\t\t\t\t\tdata-rsp_ch=\"on\"\n\t\t\t\t\t\t\t\tdata-xy=\"x:c;y:487px;\"\n\t\t\t\t\t\t\t\tdata-text=\"w:normal;a:center;\"\n\t\t\t\t\t\t\t\tdata-dim=\"w:848px;\"\n\t\t\t\t\t\t\t\tdata-frame_999=\"o:0;st:w;\"\n\t\t\t\t\t\t\t\tstyle=\"z-index:8;font-family:'Lora';\"\n\t\t\t\t\t\t\t>Hatanp\u00e4\u00e4 mansion offers an enchantingly romantic setting for memorable love celebrations. \n\t\t\t\t\t\t\t<\/rs-layer><!--\n\n\t\t\t\t\t\t\t--><a\n\t\t\t\t\t\t\t\tid=\"slider-2-slide-4-layer-9\" \n\t\t\t\t\t\t\t\tclass=\"rs-layer rev-btn\"\n\t\t\t\t\t\t\t\thref=\"https:\/\/hatanpaankartano.net\/en\/wedding-at-the-mansion\/\" target=\"_self\"\n\t\t\t\t\t\t\t\tdata-type=\"button\"\n\t\t\t\t\t\t\t\tdata-color=\"#ffffff\"\n\t\t\t\t\t\t\t\tdata-rsp_ch=\"on\"\n\t\t\t\t\t\t\t\tdata-xy=\"x:c;y:582px;\"\n\t\t\t\t\t\t\t\tdata-text=\"w:normal;l:50;fw:500;\"\n\t\t\t\t\t\t\t\tdata-dim=\"minh:0px;\"\n\t\t\t\t\t\t\t\tdata-padding=\"r:20;l:20;\"\n\t\t\t\t\t\t\t\tdata-frame_999=\"o:0;st:w;\"\n\t\t\t\t\t\t\t\tdata-frame_hover=\"c:#000;bgc:#fff;bor:0px,0px,0px,0px;sp:200;e:power1.inOut;\"\n\t\t\t\t\t\t\t\tstyle=\"z-index:9;background-color:rgba(201,142,74,0.63);font-family:'Oswald';\"\n\t\t\t\t\t\t\t>READ MORE \n\t\t\t\t\t\t\t<\/a><!--\n-->\t\t\t\t\t<\/rs-slide>\n\t\t\t\t\t<\/rs-slides>\n\t\t\t\t<\/rs-module>\n\t\t\t\t<script>\n\t\t\t\t\tsetREVStartSize({c: 'rev_slider_2_1',rl:[1240,1024,778,480],el:[900],gw:[1240],gh:[900],type:'standard',justify:'',layout:'fullwidth',mh:\"0\"});if (window.RS_MODULES!==undefined && window.RS_MODULES.modules!==undefined && window.RS_MODULES.modules[\"revslider21\"]!==undefined) {window.RS_MODULES.modules[\"revslider21\"].once = false;window.revapi2 = undefined;if (window.RS_MODULES.checkMinimal!==undefined) window.RS_MODULES.checkMinimal()}\n\t\t\t\t<\/script>\n\t\t\t<\/rs-module-wrap>\n\t\t\t<!-- END REVOLUTION SLIDER -->\n[\/vc_column][\/vc_row][vc_row rc_font_color=&#8221;#ffffff&#8221;][vc_column width=&#8221;1\/3&#8243; vertical_content_position=&#8221;bottom&#8221; text_align=&#8221;center&#8221; add_column_link=&#8221;yes&#8221; column_link=&#8221;url:https%3A%2F%2Fhatanpaankartano.net%2Fen%2Fparties-and-meetings%2F|title:Juhlat%20ja%20kokoukset&#8221; rc_heading_color=&#8221;white&#8221; rc_bg_type=&#8221;image&#8221; rc_bg_image=&#8221;22&#8243; rc_bg_image_size=&#8221;responsive&#8221; rc_bg_color_overlay=&#8221;black&#8221; rc_bg_opacity_overlay=&#8221;20&#8243; rc_font_color=&#8221;#ffffff&#8221;]<div class=\"grve-empty-space grve-height-6x\"><\/div><div class=\"grve-element grve-image grve-align-center\" style=\"margin-bottom: 2em;\">\r\n\t<div class=\"grve-image-item\">\r\n\t\t\r\n\r\n<div class=\"grve-image-wrapper grve-no-effect\">\r\n\t\t<div class=\"grve-thumbnail-wrapper\"  style=\"width: 34px;\"><div class=\"grve-thumbnail\"  style=\"padding-top: 100%;\"><img loading=\"lazy\" decoding=\"async\" width=\"34\" height=\"34\" src=\"https:\/\/hatanpaankartano.net\/wp-content\/uploads\/2022\/11\/logo_small.png\" class=\"attachment-full size-full\" alt=\"\" data-column-space=\"auto\" data-lazyload=\"\" data-grve-filter=\"yes\" \/><\/div><\/div>\t<\/div>\r\n\t<\/div>\r\n<\/div>\r\n<h5 class=\"grve-element grve-title grve-align-center grve-h5 grve-text-white\"><span><br>\n<h5 style=\"text-align: center;\"><span style=\"color: #ffffff;\">Parties and meetings at the manor<\/span><\/h5>\n&nbsp;<br>\n<\/span><\/h5>[\/vc_column][vc_column width=&#8221;1\/3&#8243; text_align=&#8221;center&#8221; add_column_link=&#8221;yes&#8221; column_link=&#8221;url:https%3A%2F%2Fhatanpaankartano.net%2Fen%2Fmansion%2F|title:Kartano&#8221; rc_bg_type=&#8221;image&#8221; rc_bg_image=&#8221;21&#8243; rc_bg_image_size=&#8221;responsive&#8221; rc_font_color=&#8221;#ffffff&#8221;]<div class=\"grve-empty-space grve-height-6x\"><\/div><div class=\"grve-element grve-image grve-align-center\" style=\"margin-bottom: 2em;\">\r\n\t<div class=\"grve-image-item\">\r\n\t\t\r\n\r\n<div class=\"grve-image-wrapper grve-no-effect\">\r\n\t\t<div class=\"grve-thumbnail-wrapper\"  style=\"width: 34px;\"><div class=\"grve-thumbnail\"  style=\"padding-top: 100%;\"><img loading=\"lazy\" decoding=\"async\" width=\"34\" height=\"34\" src=\"https:\/\/hatanpaankartano.net\/wp-content\/uploads\/2022\/11\/logo_small.png\" class=\"attachment-full size-full\" alt=\"\" data-column-space=\"auto\" data-lazyload=\"\" data-grve-filter=\"yes\" \/><\/div><\/div>\t<\/div>\r\n\t<\/div>\r\n<\/div>\r\n<h5 class=\"grve-element grve-title grve-align-center grve-h5 grve-text-white\"><span><br>\n<h5 style=\"text-align: center;\"><span style=\"color: #ffffff;\">The Story of the Mansion<\/span><\/h5>\n&nbsp;<br>\n<\/span><\/h5>[\/vc_column][vc_column width=&#8221;1\/3&#8243; vertical_content_position=&#8221;bottom&#8221; text_align=&#8221;center&#8221; add_column_link=&#8221;yes&#8221; column_link=&#8221;url:https%3A%2F%2Fhatanpaankartano.net%2Fen%2Fcontact-information%2F|title:Yhteystiedot&#8221; rc_bg_type=&#8221;image&#8221; rc_bg_image=&#8221;20&#8243; rc_bg_image_size=&#8221;responsive&#8221;]<div class=\"grve-empty-space grve-height-6x\"><\/div><div class=\"grve-element grve-image grve-align-center\" style=\"margin-bottom: 2em;\">\r\n\t<div class=\"grve-image-item\">\r\n\t\t\r\n\r\n<div class=\"grve-image-wrapper grve-no-effect\">\r\n\t\t<div class=\"grve-thumbnail-wrapper\"  style=\"width: 34px;\"><div class=\"grve-thumbnail\"  style=\"padding-top: 100%;\"><img loading=\"lazy\" decoding=\"async\" width=\"34\" height=\"34\" src=\"https:\/\/hatanpaankartano.net\/wp-content\/uploads\/2022\/11\/logo_small.png\" class=\"attachment-full size-full\" alt=\"\" data-column-space=\"auto\" data-lazyload=\"\" data-grve-filter=\"yes\" \/><\/div><\/div>\t<\/div>\r\n\t<\/div>\r\n<\/div>\r\n<h5 class=\"grve-element grve-title grve-align-center grve-h5 grve-text-white\"><span><br>\n<h5 style=\"text-align: center;\"><span style=\"color: #ffffff;\">Book the mansion<\/span><\/h5>\n&nbsp;<br>\n<\/span><\/h5>[\/vc_column][\/vc_row]<\/p>\n<\/div>","protected":false},"excerpt":{"rendered":"<p>[vc_row padding_top_multiplier=&#8221;6x&#8221; padding_bottom_multiplier=&#8221;6x&#8221; rc_heading_color=&#8221;white&#8221; rc_bg_type=&#8221;image&#8221; rc_bg_image=&#8221;29&#8243; rc_bg_image_size=&#8221;responsive&#8221; rc_font_color=&#8221;#ffffff&#8221;][vc_column][vc_column_text text_style=&#8221;leader-text&#8221;] Great experiences and golden memories. [\/vc_column_text][\/vc_column][\/vc_row][vc_row][vc_column][\/vc_column][\/vc_row][vc_row][vc_column width=&#8221;1\/2&#8243;][\/vc_column][vc_column width=&#8221;1\/2&#8243;][vc_column_text] THE ROAD TO THE FUTURE STARTS FROM THE PATH OF TRADITIONS. The Hatanp\u00e4\u00e4 mansion is located on the shore of Lake Pyh\u00e4j\u00e4rvi, a couple of kilometers from the center of Tampere. There are 20 parking spaces in the [&hellip;]<\/p>\n","protected":false},"author":1,"featured_media":0,"parent":0,"menu_order":0,"comment_status":"closed","ping_status":"closed","template":"","meta":{"footnotes":""},"class_list":["post-232","page","type-page","status-publish","hentry","grve-entry-item"],"_links":{"self":[{"href":"https:\/\/hatanpaankartano.net\/en\/wp-json\/wp\/v2\/pages\/232","targetHints":{"allow":["GET"]}}],"collection":[{"href":"https:\/\/hatanpaankartano.net\/en\/wp-json\/wp\/v2\/pages"}],"about":[{"href":"https:\/\/hatanpaankartano.net\/en\/wp-json\/wp\/v2\/types\/page"}],"author":[{"embeddable":true,"href":"https:\/\/hatanpaankartano.net\/en\/wp-json\/wp\/v2\/users\/1"}],"replies":[{"embeddable":true,"href":"https:\/\/hatanpaankartano.net\/en\/wp-json\/wp\/v2\/comments?post=232"}],"version-history":[{"count":11,"href":"https:\/\/hatanpaankartano.net\/en\/wp-json\/wp\/v2\/pages\/232\/revisions"}],"predecessor-version":[{"id":531,"href":"https:\/\/hatanpaankartano.net\/en\/wp-json\/wp\/v2\/pages\/232\/revisions\/531"}],"wp:attachment":[{"href":"https:\/\/hatanpaankartano.net\/en\/wp-json\/wp\/v2\/media?parent=232"}],"curies":[{"name":"wp","href":"https:\/\/api.w.org\/{rel}","templated":true}]}}