{"id":244,"date":"2022-11-25T14:44:26","date_gmt":"2022-11-25T12:44:26","guid":{"rendered":"https:\/\/hatanpaankartano.net\/mansion\/"},"modified":"2023-04-11T11:10:17","modified_gmt":"2023-04-11T08:10:17","slug":"mansion","status":"publish","type":"page","link":"https:\/\/hatanpaankartano.net\/en\/mansion\/","title":{"rendered":"Mansion"},"content":{"rendered":"<div class=\"wpb-content-wrapper\"><p>[vc_row][vc_column width=&#8221;1\/2&#8243;]<div class=\"grve-element grve-image grve-align-center\">\r\n\t<div class=\"grve-image-item\">\r\n\t\t\r\n\r\n<div class=\"grve-image-wrapper grve-no-effect\">\r\n\t\t<div class=\"grve-thumbnail-wrapper\"  style=\"width: 564px;\"><div class=\"grve-thumbnail\"  style=\"padding-top: 123.582%;\"><img loading=\"lazy\" decoding=\"async\" width=\"564\" height=\"697\" src=\"https:\/\/hatanpaankartano.net\/wp-content\/uploads\/2022\/11\/Kartano_alasivu_kuva1.jpeg\" class=\"attachment-full size-full\" alt=\"\" data-column-space=\"auto\" data-lazyload=\"\" data-grve-filter=\"yes\" srcset=\"https:\/\/hatanpaankartano.net\/wp-content\/uploads\/2022\/11\/Kartano_alasivu_kuva1.jpeg 564w, https:\/\/hatanpaankartano.net\/wp-content\/uploads\/2022\/11\/Kartano_alasivu_kuva1-243x300.jpeg 243w\" sizes=\"auto, (max-width: 564px) 100vw, 564px\" \/><\/div><\/div>\t<\/div>\r\n\t<\/div>\r\n<\/div>\r\n[\/vc_column][vc_column width=&#8221;1\/2&#8243;]<h5 class=\"grve-element grve-title grve-align-center grve-h5 grve-with-line grve-bottom-line\"><span><br>\n<p style=\"text-align: center\">THE STORY<br>\n<\/span><span class=\"grve-title-line grve-bg-primary-1\" style=\"width: 50px;height: 2px;\"><\/span><\/h5><div class=\"grve-empty-space grve-height-3x\"><\/div>[vc_column_text]<\/p>\n<h3>GLORIOUS HISTORY<\/h3>\n<p>Three buildings were combined on the Hatanp\u00e4\u00e4 cape and Hatanp\u00e4\u00e4 mansion was born from them in the 1690s. The original building burned down, but the main building designed by Sebastian Gripenberg was completed in 1885 and the neo-Gothic Villa Idman, built a little later, has survived to this day.<\/p>\n<p>Hans Henrik Boije established an English-style garden around the manor. Boije reformed the farming of the area and envisioned e.g. of \u200b\u200bstarting silk production in the area. He was also involved in the idea of \u200b\u200bestablishing a new town on the banks of Tammerkoski. When King Gustav III of Sweden visited the Hatanp\u00e4\u00e4 mansion, he gave the order to establish Tampere.[\/vc_column_text][\/vc_column][\/vc_row][vc_row][vc_column width=&#8221;1\/2&#8243;][vc_column_text]<\/p>\n<h3>A PROPER MANSION HAS A GHOST STORY<\/h3>\n<p>Gustav III and Boije were both Freemasons. From the time of the king&#8217;s visit, a Freemason&#8217;s grave has been preserved in the park. The story goes that Hatanp\u00e4\u00e4&#8217;s Heikki, who had just returned from the war, would have died at the stone. Through the centuries, it has been said that Heikki sometimes appears in the park or in the window of the mansion.<\/p>\n<p>[\/vc_column_text][\/vc_column][vc_column width=&#8221;1\/2&#8243;]<div class=\"grve-element grve-image grve-align-center\">\r\n\t<div class=\"grve-image-item\">\r\n\t\t\r\n\r\n<div class=\"grve-image-wrapper grve-no-effect\">\r\n\t\t<div class=\"grve-thumbnail-wrapper\"  style=\"width: 626px;\"><div class=\"grve-thumbnail\"  style=\"padding-top: 66.613%;\"><img loading=\"lazy\" decoding=\"async\" width=\"626\" height=\"417\" src=\"https:\/\/hatanpaankartano.net\/wp-content\/uploads\/2022\/11\/Kartano_alasivu_kuva2.jpeg\" class=\"attachment-full size-full\" alt=\"\" data-column-space=\"auto\" data-lazyload=\"\" data-grve-filter=\"yes\" srcset=\"https:\/\/hatanpaankartano.net\/wp-content\/uploads\/2022\/11\/Kartano_alasivu_kuva2.jpeg 626w, https:\/\/hatanpaankartano.net\/wp-content\/uploads\/2022\/11\/Kartano_alasivu_kuva2-300x200.jpeg 300w\" sizes=\"auto, (max-width: 626px) 100vw, 626px\" \/><\/div><\/div>\t<\/div>\r\n\t<\/div>\r\n<\/div>\r\n[\/vc_column][\/vc_row][vc_row][vc_column][vc_column_text]<\/p>\n<h3 style=\"text-align: center\">A ROSIE FUTURE<\/h3>\n<p style=\"text-align: center\">Now the Hatanp\u00e4\u00e4 mansion is a unique oasis near the center of Tampere. Through many changes of ownership, the manor has ended up in the hands of restaurant and meeting service professionals. Juvenes enhances the place while respecting history, but using the latest technology. Now in the mansion you can revive the atmosphere of big visions of the past in your own meetings. The place is ideal for private events of various sizes, such as weddings, precisely because of its splendid surroundings and its wonderful garden. Especially famous and picturesque is the Rose Garden, which is at its most spectacular when it blooms in July-September. The old strong trees protect the rose varieties from the winds blowing from Lake Pyh\u00e4j\u00e4rvi.<\/p>\n<p>[\/vc_column_text][\/vc_column][\/vc_row][vc_row section_type=&#8221;fullwidth&#8221;][vc_column]<div class=\"grve-element grve-image grve-align-center\">\r\n\t<div class=\"grve-image-item\">\r\n\t\t\r\n\r\n<div class=\"grve-image-wrapper grve-no-effect\">\r\n\t\t<div class=\"grve-thumbnail-wrapper\"  style=\"width: 1619px;\"><div class=\"grve-thumbnail\"  style=\"padding-top: 51.081%;\"><img loading=\"lazy\" decoding=\"async\" width=\"1619\" height=\"827\" src=\"https:\/\/hatanpaankartano.net\/wp-content\/uploads\/2022\/11\/Kartano_alasivu_kuva3.jpeg\" class=\"attachment-full size-full\" alt=\"\" data-column-space=\"auto\" data-lazyload=\"\" data-grve-filter=\"yes\" srcset=\"https:\/\/hatanpaankartano.net\/wp-content\/uploads\/2022\/11\/Kartano_alasivu_kuva3.jpeg 1619w, https:\/\/hatanpaankartano.net\/wp-content\/uploads\/2022\/11\/Kartano_alasivu_kuva3-300x153.jpeg 300w, https:\/\/hatanpaankartano.net\/wp-content\/uploads\/2022\/11\/Kartano_alasivu_kuva3-1024x523.jpeg 1024w, https:\/\/hatanpaankartano.net\/wp-content\/uploads\/2022\/11\/Kartano_alasivu_kuva3-768x392.jpeg 768w, https:\/\/hatanpaankartano.net\/wp-content\/uploads\/2022\/11\/Kartano_alasivu_kuva3-1536x785.jpeg 1536w\" sizes=\"auto, (max-width: 1619px) 100vw, 1619px\" \/><\/div><\/div>\t<\/div>\r\n\t<\/div>\r\n<\/div>\r\n[\/vc_column][\/vc_row][vc_row][vc_column]<div class=\"grve-element grve-align-center\"><a href=\"https:\/\/hatanpaankartano.net\/en\/contact-information\/\" title=\"Contact information\" class=\"grve-btn grve-square grve-bg-primary-1 grve-border-primary-1 grve-bg-hover-primary-2 grve-border-hover-primary-2 grve-text-white grve-text-hover-white grve-btn-medium\">\r\n\t\t<span>BOOK NOW<\/span>\r\n\t\t\t\t\t\t\t<\/a><\/div>[\/vc_column][\/vc_row]<\/p>\n<\/div>","protected":false},"excerpt":{"rendered":"<p>[vc_row][vc_column width=&#8221;1\/2&#8243;][\/vc_column][vc_column width=&#8221;1\/2&#8243;][vc_column_text] GLORIOUS HISTORY Three buildings were combined on the Hatanp\u00e4\u00e4 cape and Hatanp\u00e4\u00e4 mansion was born from them in the 1690s. The original building burned down, but the main building designed by Sebastian Gripenberg was completed in 1885 and the neo-Gothic Villa Idman, built a little later, has survived to this day. Hans [&hellip;]<\/p>\n","protected":false},"author":1,"featured_media":0,"parent":0,"menu_order":0,"comment_status":"closed","ping_status":"closed","template":"","meta":{"footnotes":""},"class_list":["post-244","page","type-page","status-publish","hentry","grve-entry-item"],"_links":{"self":[{"href":"https:\/\/hatanpaankartano.net\/en\/wp-json\/wp\/v2\/pages\/244","targetHints":{"allow":["GET"]}}],"collection":[{"href":"https:\/\/hatanpaankartano.net\/en\/wp-json\/wp\/v2\/pages"}],"about":[{"href":"https:\/\/hatanpaankartano.net\/en\/wp-json\/wp\/v2\/types\/page"}],"author":[{"embeddable":true,"href":"https:\/\/hatanpaankartano.net\/en\/wp-json\/wp\/v2\/users\/1"}],"replies":[{"embeddable":true,"href":"https:\/\/hatanpaankartano.net\/en\/wp-json\/wp\/v2\/comments?post=244"}],"version-history":[{"count":8,"href":"https:\/\/hatanpaankartano.net\/en\/wp-json\/wp\/v2\/pages\/244\/revisions"}],"predecessor-version":[{"id":267,"href":"https:\/\/hatanpaankartano.net\/en\/wp-json\/wp\/v2\/pages\/244\/revisions\/267"}],"wp:attachment":[{"href":"https:\/\/hatanpaankartano.net\/en\/wp-json\/wp\/v2\/media?parent=244"}],"curies":[{"name":"wp","href":"https:\/\/api.w.org\/{rel}","templated":true}]}}