{"id":858,"date":"2026-03-04T11:31:17","date_gmt":"2026-03-04T09:31:17","guid":{"rendered":"https:\/\/hatanpaankartano.net\/mothers-day-lunch\/"},"modified":"2026-03-24T10:17:51","modified_gmt":"2026-03-24T08:17:51","slug":"mothers-day-lunch","status":"publish","type":"page","link":"https:\/\/hatanpaankartano.net\/en\/mothers-day-lunch\/","title":{"rendered":"Mother&#8217;s Day lunch"},"content":{"rendered":"<div class=\"wpb-content-wrapper\"><p>[vc_row height_ratio=&#8221;70&#8243; rc_bg_type=&#8221;image&#8221; rc_bg_image=&#8221;786&#8243; rc_bg_pattern_overlay=&#8221;yes&#8221; rc_bg_color_overlay=&#8221;black&#8221;][vc_column vertical_content_position=&#8221;middle&#8221; text_align=&#8221;center&#8221; rc_heading_color=&#8221;white&#8221; rc_font_color=&#8221;#FFFFFF&#8221;]<h3 class=\"grve-element grve-title grve-align-inherit grve-h3 grve-text-white\"><span><br>\n<h1>Hatanp\u00e4\u00e4 Manor&#8217;s Mother&#8217;s Day lunch<\/h1>\n<\/span><\/h3>[\/vc_column][\/vc_row][vc_row][vc_column]<div class=\"grve-empty-space grve-height-1x\"><\/div>[\/vc_column][\/vc_row][vc_row][vc_column width=&#8221;1\/2&#8243;]<div class=\"grve-element grve-image grve-align-center\">\r\n\t<div class=\"grve-image-item\">\r\n\t\t\r\n\r\n<div class=\"grve-image-wrapper grve-no-effect\">\r\n\t\t<div class=\"grve-thumbnail-wrapper\"  style=\"width: 560px;\"><div class=\"grve-thumbnail\"  style=\"padding-top: 100%;\"><img loading=\"lazy\" decoding=\"async\" width=\"560\" height=\"560\" src=\"https:\/\/hatanpaankartano.net\/wp-content\/uploads\/2022\/11\/DSCF1625-560x560.jpg\" class=\"attachment-impeka-grve-small-square size-impeka-grve-small-square\" alt=\"\" data-column-space=\"auto\" data-lazyload=\"\" data-grve-filter=\"yes\" srcset=\"https:\/\/hatanpaankartano.net\/wp-content\/uploads\/2022\/11\/DSCF1625-560x560.jpg 560w, https:\/\/hatanpaankartano.net\/wp-content\/uploads\/2022\/11\/DSCF1625-150x150.jpg 150w, https:\/\/hatanpaankartano.net\/wp-content\/uploads\/2022\/11\/DSCF1625-900x900.jpg 900w\" sizes=\"auto, (max-width: 560px) 100vw, 560px\" \/><\/div><\/div>\t<\/div>\r\n\t<\/div>\r\n<\/div>\r\n[\/vc_column][vc_column width=&#8221;1\/2&#8243;]<div class=\"grve-empty-space grve-height-1x\"><\/div>[vc_column_text css=&#8221;&#8221;]<\/p>\n<h3>Hatanp\u00e4\u00e4 Manor&#8217;s Mother&#8217;s Day lunch 10th May 2026 at 11:00-15:00<\/h3>\n<p>The historical milieu of Hatanp\u00e4\u00e4 Manor and the springtime park landscape create a moment where everyday life can give way and a mother can be the guest of honor on her day of celebration. A beautifully set table, warm service and a dignified atmosphere make the day special \u2013 just the kind a mother deserves.<\/p>\n<p>Please note that unfortunately Hatanp\u00e4\u00e4 Manor is not wheelchair accessible.<\/p>\n<h6>Price: 49\u20ac \/ person<\/h6>\n<p>Children: 0-4 years free of charge, 5-12 years 2\u20ac \/ year of age[\/vc_column_text]<div class=\"grve-empty-space grve-height-1x\"><\/div>[vc_column_text css=&#8221;&#8221;]<\/p>\n<h6 style=\"text-align: left;\">Table reservations<\/h6>\n<p style=\"text-align: left;\"><strong>Reserve a table by email at <a href=\"mailto:juhlapalvelu@juvenes.fi\">juhlapalvelu@juvenes.fi<\/a>.<\/strong><br \/>\nTable reservations at 30th of April 2026 the latest. Lunch is only available to those who have reserved a table. Limited amount of places available.<\/p>\n<p>[\/vc_column_text]<div class=\"grve-empty-space grve-height-1x\"><\/div>[vc_column_text css=&#8221;&#8221;]<\/p>\n<h5 style=\"text-align: left;\"><strong><em>Because the mother deserves the dignity of the lady of the manor.<\/em><\/strong><\/h5>\n<p>[\/vc_column_text][\/vc_column][\/vc_row][vc_section][vc_row columns_gap=&#8221;10&#8243;][vc_column width=&#8221;1\/6&#8243;][\/vc_column][vc_column width=&#8221;2\/3&#8243; text_align=&#8221;center&#8221; grve_css=&#8221;{&#8220;desktop&#8220;:{&#8220;margin-top&#8220;:&#8220;10&#8220;,&#8220;margin-right&#8220;:&#8220;10&#8220;,&#8220;margin-bottom&#8220;:&#8220;10&#8220;,&#8220;margin-left&#8220;:&#8220;10&#8220;,&#8220;border-top&#8220;:5,&#8220;border-right&#8220;:5,&#8220;border-bottom&#8220;:5,&#8220;border-left&#8220;:5,&#8220;border-top-left-radius&#8220;:&#8220;5&#8220;,&#8220;border-top-right-radius&#8220;:&#8220;5&#8220;,&#8220;border-bottom-right-radius&#8220;:&#8220;5&#8220;,&#8220;border-bottom-left-radius&#8220;:&#8220;5&#8220;,&#8220;border-color&#8220;:&#8220;#d2ad84&#8220;,&#8220;border-style&#8220;:&#8220;solid&#8220;,&#8220;class&#8220;:&#8220;grve-wpb-1772616124190&#8220;}}&#8221;]<div class=\"grve-empty-space grve-height-1x\"><\/div><h3 class=\"grve-element grve-title grve-align-inherit grve-h3\"><span><br>\n<h3>Menu<\/h3>\n<\/span><\/h3>[vc_column_text css=&#8221;&#8221;]The spring sun warms you up, nature wakes you up and the manor&#8217;s table is set with a festive menu made from the best ingredients of the season. Fresh flavors, springtime vegetables and gentle delicacies create an experience that invites you to take a break and spend time together.<br \/>\nThe manor&#8217;s kitchen draws its inspiration from the awakening garden of Mother Earth \u2013 it offers lightness, freshness and a touch of festive sweetness.[\/vc_column_text]<div class=\"grve-empty-space grve-height-1x\"><\/div>[vc_column_text css=&#8221;&#8221;]<\/p>\n<p style=\"text-align: center;\"><strong>Appetizer buffet<\/strong><br \/>\nSalmon cured with rose salt, spruce tip and butler&#8217;s sauce (G, L)<br \/>\nRoasted early potato salad with salsa verde (G, Veg)<br \/>\nPickled early summer vegetables and green sprout salad (G, Veg)<br \/>\nCaesar salad and lime-marinated shrimp (G, L)<br \/>\nSpring green asparagus, flower aioli and roasted Parma ham (G, M)<br \/>\nSalty-sweet strawberry and brie cheese salad (G, L)<\/p>\n<p style=\"text-align: center;\">Manor&#8217;s bread selection, butter and fresh herb tapenade (L)<\/p>\n<p style=\"text-align: center;\"><strong>Warm buffet<\/strong><br \/>\nHummus-gratinated cauliflower, sweet pepper compote and crispy kale (G, Veg)<br \/>\nLemon-marinated spring chicken and fresh herb pistou (G, M)<br \/>\nSlow-cooked beef hanger steak in dark sherry sauce (G, L)<br \/>\nPommes Anna (G, Veg)<br \/>\nRoasted seasonal vegetables (G, Veg)<\/p>\n<p style=\"text-align: center;\"><strong>Dessert buffet<br \/>\n<\/strong>Traditional strawberry cake (L, available in G)<br \/>\nFresh rhubarb posset (G, L)<br \/>\nRaspberry macarons (G, L)<br \/>\nSweets (G, L)<br \/>\nCoffee and brewed tea<\/p>\n<p style=\"text-align: center;\"><strong>Children&#8217;s buffet<br \/>\n<\/strong>House meatballs, wieners and mashed potatoes (G, L)<\/p>\n<p>[\/vc_column_text]<div class=\"grve-empty-space grve-height-1x\"><\/div>[\/vc_column][vc_column width=&#8221;1\/6&#8243;][\/vc_column][\/vc_row][\/vc_section][vc_row][vc_column]<div class=\"grve-element grve-carousel grve-image-carousel\">\r\n\t<div class=\"grve-carousel-wrapper\">\r\n\t\t\t<div class=\"grve-carousel-navigation grve-navigation-arrow-1\">\r\n\t\t<div class=\"grve-carousel-buttons\">\r\n\t\t\t<div class=\"grve-carousel-prev\"><div class=\"grve-svg-icon grve-direction-left grve-arrow-1 grve-svg-black grve-with-shape grve-circle grve-bg-white\">\t\t\t<svg width=\"12px\" height=\"12px\" viewBox=\"0 0 12 12\">\r\n\t\t\t\t<polygon points=\"3.6 0 10 6 3.6 12 2 10.5 6.8 6 2 1.5\"><\/polygon>\r\n\t\t\t<\/svg>\r\n\t\t\t<\/div><\/div>\r\n\t\t\t<div class=\"grve-carousel-next\"><div class=\"grve-svg-icon grve-direction-right grve-arrow-1 grve-svg-black grve-with-shape grve-circle grve-bg-white\">\t\t\t<svg width=\"12px\" height=\"12px\" viewBox=\"0 0 12 12\">\r\n\t\t\t\t<polygon points=\"3.6 0 10 6 3.6 12 2 10.5 6.8 6 2 1.5\"><\/polygon>\r\n\t\t\t<\/svg>\r\n\t\t\t<\/div><\/div>\r\n\t\t<\/div>\r\n\t<\/div>\r\n\t\t<div data-items=\"4\" data-items-tablet-landscape=\"3\" data-items-tablet-portrait=\"3\" data-items-mobile=\"1\" data-pagination=\"no\" data-slider-autoplay=\"yes\" data-slider-loop=\"yes\" data-slider-autoheight=\"no\" data-stage-padding=\"0\" data-slider-speed=\"3000\" data-slider-pause=\"no\" data-pagination-speed=\"400\" data-gutter-size=\"30\" class=\"grve-carousel-element grve-gallery-popup grve-with-gap grve-classic-carousel\">\r\n\r\n\t\t\t<div class=\"grve-entry-item grve-carousel-item \">\r\n\t\t\t\t<div class=\"grve-image-item\">\r\n\t\t\t\t\t<div class=\"grve-hover-item grve-hover-style-1\">\r\n\t<div class=\"grve-image-hover grve-media\">\r\n\t\t\t\t<div class=\"grve-thumbnail-wrapper\"><div class=\"grve-thumbnail\"  style=\"padding-top: 75%;\"><img loading=\"lazy\" decoding=\"async\" width=\"560\" height=\"420\" src=\"https:\/\/hatanpaankartano.net\/wp-content\/uploads\/2025\/01\/IMG_8600-560x420.jpg\" class=\"attachment-impeka-grve-small-rect-horizontal size-impeka-grve-small-rect-horizontal\" alt=\"\" data-column-space=\"100\" data-lazyload=\"\" data-grve-filter=\"yes\" srcset=\"https:\/\/hatanpaankartano.net\/wp-content\/uploads\/2025\/01\/IMG_8600-560x420.jpg 560w, https:\/\/hatanpaankartano.net\/wp-content\/uploads\/2025\/01\/IMG_8600-900x675.jpg 900w\" sizes=\"auto, (max-width: 560px) 100vw, 560px\" \/><\/div><\/div>\t\t\t\t<div class=\"grve-bg-black grve-hover-overlay grve-opacity-30\"><\/div>\r\n\t\t\t<\/div>\r\n\t<\/div>\r\n\t\t\t\t<\/div>\r\n\t\t\t<\/div>\r\n\r\n\t\t\t<div class=\"grve-entry-item grve-carousel-item \">\r\n\t\t\t\t<div class=\"grve-image-item\">\r\n\t\t\t\t\t<div class=\"grve-hover-item grve-hover-style-1\">\r\n\t<div class=\"grve-image-hover grve-media\">\r\n\t\t\t\t<div class=\"grve-thumbnail-wrapper\"><div class=\"grve-thumbnail\"  style=\"padding-top: 75%;\"><img loading=\"lazy\" decoding=\"async\" width=\"560\" height=\"420\" src=\"https:\/\/hatanpaankartano.net\/wp-content\/uploads\/2026\/03\/Image-14-560x420.jpg\" class=\"attachment-impeka-grve-small-rect-horizontal size-impeka-grve-small-rect-horizontal\" alt=\"\" data-column-space=\"100\" data-lazyload=\"\" data-grve-filter=\"yes\" \/><\/div><\/div>\t\t\t\t<div class=\"grve-bg-black grve-hover-overlay grve-opacity-30\"><\/div>\r\n\t\t\t<\/div>\r\n\t<\/div>\r\n\t\t\t\t<\/div>\r\n\t\t\t<\/div>\r\n\r\n\t\t\t<div class=\"grve-entry-item grve-carousel-item \">\r\n\t\t\t\t<div class=\"grve-image-item\">\r\n\t\t\t\t\t<div class=\"grve-hover-item grve-hover-style-1\">\r\n\t<div class=\"grve-image-hover grve-media\">\r\n\t\t\t\t<div class=\"grve-thumbnail-wrapper\"><div class=\"grve-thumbnail\"  style=\"padding-top: 75%;\"><img loading=\"lazy\" decoding=\"async\" width=\"560\" height=\"420\" src=\"https:\/\/hatanpaankartano.net\/wp-content\/uploads\/2026\/03\/Image-16-560x420.jpg\" class=\"attachment-impeka-grve-small-rect-horizontal size-impeka-grve-small-rect-horizontal\" alt=\"\" data-column-space=\"100\" data-lazyload=\"\" data-grve-filter=\"yes\" srcset=\"https:\/\/hatanpaankartano.net\/wp-content\/uploads\/2026\/03\/Image-16-560x420.jpg 560w, https:\/\/hatanpaankartano.net\/wp-content\/uploads\/2026\/03\/Image-16-900x675.jpg 900w\" sizes=\"auto, (max-width: 560px) 100vw, 560px\" \/><\/div><\/div>\t\t\t\t<div class=\"grve-bg-black grve-hover-overlay grve-opacity-30\"><\/div>\r\n\t\t\t<\/div>\r\n\t<\/div>\r\n\t\t\t\t<\/div>\r\n\t\t\t<\/div>\r\n\r\n\t\t\t<div class=\"grve-entry-item grve-carousel-item \">\r\n\t\t\t\t<div class=\"grve-image-item\">\r\n\t\t\t\t\t<div class=\"grve-hover-item grve-hover-style-1\">\r\n\t<div class=\"grve-image-hover grve-media\">\r\n\t\t\t\t<div class=\"grve-thumbnail-wrapper\"><div class=\"grve-thumbnail\"  style=\"padding-top: 75%;\"><img loading=\"lazy\" decoding=\"async\" width=\"560\" height=\"420\" src=\"https:\/\/hatanpaankartano.net\/wp-content\/uploads\/2026\/03\/Image-15-560x420.jpg\" class=\"attachment-impeka-grve-small-rect-horizontal size-impeka-grve-small-rect-horizontal\" alt=\"\" data-column-space=\"100\" data-lazyload=\"\" data-grve-filter=\"yes\" srcset=\"https:\/\/hatanpaankartano.net\/wp-content\/uploads\/2026\/03\/Image-15-560x420.jpg 560w, https:\/\/hatanpaankartano.net\/wp-content\/uploads\/2026\/03\/Image-15-300x225.jpg 300w, https:\/\/hatanpaankartano.net\/wp-content\/uploads\/2026\/03\/Image-15-1024x768.jpg 1024w, https:\/\/hatanpaankartano.net\/wp-content\/uploads\/2026\/03\/Image-15-768x576.jpg 768w, https:\/\/hatanpaankartano.net\/wp-content\/uploads\/2026\/03\/Image-15-1536x1152.jpg 1536w, https:\/\/hatanpaankartano.net\/wp-content\/uploads\/2026\/03\/Image-15-900x675.jpg 900w, https:\/\/hatanpaankartano.net\/wp-content\/uploads\/2026\/03\/Image-15-1920x1440.jpg 1920w\" sizes=\"auto, (max-width: 560px) 100vw, 560px\" \/><\/div><\/div>\t\t\t\t<div class=\"grve-bg-black grve-hover-overlay grve-opacity-30\"><\/div>\r\n\t\t\t<\/div>\r\n\t<\/div>\r\n\t\t\t\t<\/div>\r\n\t\t\t<\/div>\r\n\t\t<\/div>\r\n\t<\/div>\r\n<\/div>\r\n[\/vc_column][\/vc_row]<\/p>\n<\/div>","protected":false},"excerpt":{"rendered":"<p>[vc_row height_ratio=&#8221;70&#8243; rc_bg_type=&#8221;image&#8221; rc_bg_image=&#8221;786&#8243; rc_bg_pattern_overlay=&#8221;yes&#8221; rc_bg_color_overlay=&#8221;black&#8221;][vc_column vertical_content_position=&#8221;middle&#8221; text_align=&#8221;center&#8221; rc_heading_color=&#8221;white&#8221; rc_font_color=&#8221;#FFFFFF&#8221;][\/vc_column][\/vc_row][vc_row][vc_column][\/vc_column][\/vc_row][vc_row][vc_column width=&#8221;1\/2&#8243;][\/vc_column][vc_column width=&#8221;1\/2&#8243;][vc_column_text css=&#8221;&#8221;] Hatanp\u00e4\u00e4 Manor&#8217;s Mother&#8217;s Day lunch 10th May 2026 at 11:00-15:00 The historical milieu of Hatanp\u00e4\u00e4 Manor and the springtime park landscape create a moment where everyday life can give way and a mother can be the guest of honor on her day [&hellip;]<\/p>\n","protected":false},"author":2,"featured_media":0,"parent":0,"menu_order":0,"comment_status":"closed","ping_status":"closed","template":"","meta":{"footnotes":""},"class_list":["post-858","page","type-page","status-publish","hentry","grve-entry-item"],"_links":{"self":[{"href":"https:\/\/hatanpaankartano.net\/en\/wp-json\/wp\/v2\/pages\/858","targetHints":{"allow":["GET"]}}],"collection":[{"href":"https:\/\/hatanpaankartano.net\/en\/wp-json\/wp\/v2\/pages"}],"about":[{"href":"https:\/\/hatanpaankartano.net\/en\/wp-json\/wp\/v2\/types\/page"}],"author":[{"embeddable":true,"href":"https:\/\/hatanpaankartano.net\/en\/wp-json\/wp\/v2\/users\/2"}],"replies":[{"embeddable":true,"href":"https:\/\/hatanpaankartano.net\/en\/wp-json\/wp\/v2\/comments?post=858"}],"version-history":[{"count":5,"href":"https:\/\/hatanpaankartano.net\/en\/wp-json\/wp\/v2\/pages\/858\/revisions"}],"predecessor-version":[{"id":864,"href":"https:\/\/hatanpaankartano.net\/en\/wp-json\/wp\/v2\/pages\/858\/revisions\/864"}],"wp:attachment":[{"href":"https:\/\/hatanpaankartano.net\/en\/wp-json\/wp\/v2\/media?parent=858"}],"curies":[{"name":"wp","href":"https:\/\/api.w.org\/{rel}","templated":true}]}}